










{"id":1024,"date":"2015-12-14T07:14:55","date_gmt":"2015-12-14T07:14:55","guid":{"rendered":"http:\/\/consulting.stylemixthemes.com\/demo\/?page_id=2"},"modified":"2026-02-23T17:31:45","modified_gmt":"2026-02-23T17:31:45","slug":"sample-page-2","status":"publish","type":"page","link":"https:\/\/konectahost.com\/securigroup\/","title":{"rendered":"home"},"content":{"rendered":"<section class=\"wpb-content-wrapper\"><p>[vc_row css=&#8221;.vc_custom_1450677977665{margin-bottom: 0px !important;}&#8221;][vc_column offset=&#8221;vc_hidden-xs&#8221;][rev_slider_vc alias=&#8221;fullscreen-main-slider&#8221;][\/vc_column][\/vc_row][vc_row full_width=&#8221;stretch_row&#8221; el_class=&#8221;third_bg_color&#8221; css=&#8221;.vc_custom_1450692516354{margin-bottom: 60px !important;}&#8221;][vc_column][vc_cta h2=&#8221;&#8221; shape=&#8221;square&#8221; style=&#8221;flat&#8221; add_button=&#8221;right&#8221; btn_title=&#8221;Cotizar&#8221; btn_style=&#8221;flat&#8221; btn_color=&#8221;theme_style_2&#8243; btn_align=&#8221;right&#8221; btn_i_align=&#8221;right&#8221; btn_i_icon_fontawesome=&#8221;stm-glob-pdf&#8221; particles=&#8221;yes&#8221; btn_button_block=&#8221;true&#8221; btn_add_icon=&#8221;true&#8221; css=&#8221;.vc_custom_1758587448922{margin-bottom: 0px !important;}&#8221; el_class=&#8221;third_bg_color&#8221; btn_link=&#8221;url:https%3A%2F%2Fwa.me%2Fmessage%2FXY35GCD3QOUIG1|target:_blank&#8221;][\/vc_cta][\/vc_column][\/vc_row][vc_row css=&#8221;.vc_custom_1450677977665{margin-bottom: 0px !important;}&#8221;][vc_column offset=&#8221;vc_hidden-xs&#8221;][vc_custom_heading text=&#8221;Renting de Equipo&#8221; font_container=&#8221;tag:h2|font_size:45px|text_align:center|line_height:60px&#8221; use_theme_fonts=&#8221;yes&#8221; el_class=&#8221;base_font_color&#8221; css=&#8221;.vc_custom_1758587513569{margin-bottom: 28px !important;}&#8221;][\/vc_column][\/vc_row][vc_row css=&#8221;.vc_custom_1450856873482{margin-bottom: 37px !important;}&#8221;][vc_column width=&#8221;1\/3&#8243;][stm_animation_block animation=&#8221;fadeInUp&#8221; animation_duration=&#8221;1&#8243; animation_delay=&#8221;0&#8243;][stm_info_box style=&#8221;style_3&#8243; title_icon=&#8221;stm-chart-monitor&#8221; title=&#8221;Renting de Accesos&#8221; image=&#8221;7258&#8243; link=&#8221;url:https%3A%2F%2Fkonectahost.com%2Fsecurigroup%2Fservicios%2F|title:Ver%20m%C3%A1s&#8221;]Renta de Sistemas de control de acceso Biom\u00e9tricos o Proximidad (Tarjetas\/TAG).[\/stm_info_box][\/stm_animation_block][\/vc_column][vc_column width=&#8221;1\/3&#8243;][stm_animation_block animation=&#8221;fadeInUp&#8221; animation_duration=&#8221;1&#8243; animation_delay=&#8221;0.05&#8243;][stm_info_box style=&#8221;style_3&#8243; title_icon=&#8221;stm-chart-refresh&#8221; title=&#8221;Renting CCTV&#8221; image=&#8221;7260&#8243; link=&#8221;url:https%3A%2F%2Fkonectahost.com%2Fsecurigroup%2Fservicios%2F|title:Ver%20m%C3%A1s&#8221;]Renta de c\u00e1maras IP FULL-HD o 4K y NVRs \u00a0con distintas capacidades de almacenamiento.[\/stm_info_box][\/stm_animation_block][\/vc_column][vc_column width=&#8221;1\/3&#8243;][stm_animation_block animation=&#8221;fadeInUp&#8221; animation_duration=&#8221;1&#8243; animation_delay=&#8221;0.1&#8243;][stm_info_box style=&#8221;style_3&#8243; title_icon=&#8221;fas fa-solar-panel&#8221; title=&#8221;Renting Cercas Electrificadas&#8221; link=&#8221;url:https%3A%2F%2Fkonectahost.com%2Fsecurigroup%2Fservicios%2F|title:Ver%20m%C3%A1s&#8221; image=&#8221;7262&#8243;]<\/p>\n<p data-start=\"0\" data-end=\"199\">Renta de\u00a0<strong class=\"x-el x-el-span c1-1m c1-1n c1-b c1-87 c1-3y c1-6h c1-88\">sistemas completos de electrificaci\u00f3n<\/strong>\u00a0a cinco l\u00edneas para\u00a0<strong class=\"x-el x-el-span c1-1m c1-1n c1-b c1-87 c1-3y c1-6h c1-88\">defensa perimetral.<\/strong><\/p>\n<p>[\/stm_info_box][\/stm_animation_block][\/vc_column][\/vc_row][vc_row full_width=&#8221;stretch_row&#8221; css=&#8221;.vc_custom_1451476985704{padding-top: 53px !important;padding-bottom: 70px !important;background-color: #f2f2f2 !important;}&#8221;][vc_column][vc_row_inner css=&#8221;.vc_custom_1455871593995{margin-bottom: 30px !important;}&#8221;][vc_column_inner width=&#8221;1\/6&#8243;][\/vc_column_inner][vc_column_inner width=&#8221;2\/3&#8243;][vc_single_image image=&#8221;7291&#8243; img_size=&#8221;full&#8221; alignment=&#8221;center&#8221;][\/vc_column_inner][vc_column_inner width=&#8221;1\/6&#8243;][\/vc_column_inner][\/vc_row_inner][vc_custom_heading text=&#8221;Venta e Instalaci\u00f3n de C\u00e1maras de Seguridad&#8221; font_container=&#8221;tag:h2|font_size:45px|text_align:center|line_height:60px&#8221; use_theme_fonts=&#8221;yes&#8221; el_class=&#8221;base_font_color&#8221; css=&#8221;.vc_custom_1771867623647{margin-bottom: 28px !important;}&#8221;][vc_row_inner css=&#8221;.vc_custom_1455871593995{margin-bottom: 30px !important;}&#8221;][vc_column_inner width=&#8221;1\/3&#8243;][stm_icon_box hide_title_line=&#8221;hide_title_line&#8221; enable_hexagon=&#8221;enable&#8221; enable_hexagon_animation=&#8221;enable&#8221; icon=&#8221;stm-glob-shield&#8221; style=&#8221;icon_left&#8221; icon_size=&#8221;15&#8243; icon_width=&#8221;78&#8243; title=&#8221;Nuestros equipos&#8221;]Ofrecemos sistemas completos de videovigilancia, desde la venta de equipos hasta su instalaci\u00f3n y configuraci\u00f3n, con asesor\u00eda personalizada y garant\u00edas extendidas.[\/stm_icon_box][\/vc_column_inner][vc_column_inner width=&#8221;1\/3&#8243;][stm_icon_box hide_title_line=&#8221;hide_title_line&#8221; enable_hexagon=&#8221;enable&#8221; enable_hexagon_animation=&#8221;enable&#8221; icon=&#8221;fas fa-shield-alt&#8221; style=&#8221;icon_left&#8221; icon_size=&#8221;22&#8243; icon_width=&#8221;78&#8243; title=&#8221;C\u00e1maras con visi\u00f3n nocturna&#8221;]Tecnolog\u00eda infrarroja de \u00faltima generaci\u00f3n que captura im\u00e1genes n\u00edtidas en condiciones de poca o nula luz, asegurando vigilancia 24\/7 tanto en interiores como en exteriores.[\/stm_icon_box][\/vc_column_inner][vc_column_inner width=&#8221;1\/3&#8243;][stm_icon_box hide_title_line=&#8221;hide_title_line&#8221; enable_hexagon=&#8221;enable&#8221; enable_hexagon_animation=&#8221;enable&#8221; icon=&#8221;stm-glob-shield&#8221; style=&#8221;icon_left&#8221; icon_size=&#8221;22&#8243; icon_width=&#8221;78&#8243; title=&#8221;C\u00e1maras anti-vand\u00e1licas&#8221;]Carcasas reforzadas y materiales de alta resistencia dise\u00f1ados para soportar golpes, vandalismo y condiciones extremas sin perder desempe\u00f1o ni calidad de imagen.[\/stm_icon_box][\/vc_column_inner][\/vc_row_inner][vc_row_inner][vc_column_inner width=&#8221;1\/3&#8243;][stm_icon_box hide_title_line=&#8221;hide_title_line&#8221; enable_hexagon=&#8221;enable&#8221; enable_hexagon_animation=&#8221;enable&#8221; icon=&#8221;stm-glob-shield&#8221; style=&#8221;icon_left&#8221; icon_size=&#8221;24&#8243; icon_width=&#8221;78&#8243; title=&#8221;C\u00e1maras tipo bullet y PTZ para intemperie&#8221;]Equipos de formato alargado, resistentes al agua y al polvo (IP66\/IP67), ideal para cubrir largas distancias en exteriores con instalaci\u00f3n sencilla y \u00e1ngulo de visi\u00f3n ajustable.[\/stm_icon_box][\/vc_column_inner][vc_column_inner width=&#8221;1\/3&#8243;][stm_icon_box hide_title_line=&#8221;hide_title_line&#8221; enable_hexagon=&#8221;enable&#8221; enable_hexagon_animation=&#8221;enable&#8221; icon=&#8221;stm-glob-shield&#8221; style=&#8221;icon_left&#8221; icon_size=&#8221;28&#8243; icon_width=&#8221;78&#8243; title=&#8221;C\u00e1maras tipo domo&#8221;]Dise\u00f1o compacto y discreto, con amplia cobertura y opciones antivand\u00e1licas; perfectas para oficinas, tiendas y espacios p\u00fablicos donde la est\u00e9tica y la protecci\u00f3n van de la mano.[\/stm_icon_box][\/vc_column_inner][vc_column_inner width=&#8221;1\/3&#8243;][stm_icon_box hide_title_line=&#8221;hide_title_line&#8221; enable_hexagon=&#8221;enable&#8221; enable_hexagon_animation=&#8221;enable&#8221; icon=&#8221;stm-glob-shield&#8221; style=&#8221;icon_left&#8221; icon_size=&#8221;20&#8243; icon_width=&#8221;78&#8243; title=&#8221;C\u00e1maras an\u00e1logas, Wifi e IP&#8221;]Soluciones flexibles: elige tecnolog\u00eda an\u00e1loga para infraestructuras tradicionales o IP para monitoreo en red, grabaci\u00f3n en la nube y acceso remoto desde cualquier dispositivo.[\/stm_icon_box][\/vc_column_inner][\/vc_row_inner][\/vc_column][\/vc_row][vc_row full_width=&#8221;stretch_row&#8221; el_class=&#8221;overlay fixed_bg&#8221; css=&#8221;.vc_custom_1750750629832{margin-bottom: 53px !important;padding-top: 110px !important;padding-bottom: 81px !important;background-image: url(https:\/\/konectahost.com\/securigroup\/wp-content\/uploads\/2025\/06\/ChatGPT-Image-24-jun-2025-01_34_34.png?id=7088) !important;background-position: center !important;background-repeat: no-repeat !important;background-size: cover !important;}&#8221;][vc_column][vc_row_inner][vc_column_inner][vc_custom_heading icon=&#8221;stm-check&#8221; icon_size=&#8221;67&#8243; text=&#8221;<mark>Venta e instalaci\u00f3n de<\/mark><br \/>\nCercas El\u00e9ctricas.&#8221; font_container=&#8221;tag:h4|font_size:45px|text_align:left|color:%23ffffff|line_height:45px&#8221; google_fonts=&#8221;font_family:Poppins%3A300%2Cregular%2C500%2C600%2C700|font_style:700%20bold%3A700%3Anormal&#8221; custom_icon=&#8221;stm-check&#8221; css=&#8221;.vc_custom_1758588810030{margin-bottom: 61px !important;}&#8221; el_class=&#8221;no_stripe&#8221;][\/vc_column_inner][\/vc_row_inner][vc_row_inner][vc_column_inner width=&#8221;1\/6&#8243; offset=&#8221;vc_col-lg-offset-1&#8243;][stm_stats_counter counter_value=&#8221;1521&#8243; title=&#8221;Metros lineales&#8221;][\/vc_column_inner][vc_column_inner width=&#8221;1\/6&#8243;][stm_stats_counter counter_value=&#8221;131&#8243; title=&#8221;Clientes&#8221;][\/vc_column_inner][vc_column_inner width=&#8221;1\/6&#8243;][stm_stats_counter counter_value=&#8221;2115&#8243; title=&#8221;C\u00e1maras instaladas&#8221;][\/vc_column_inner][vc_column_inner width=&#8221;1\/6&#8243;][stm_stats_counter counter_value=&#8221;100&#8243; counter_value_suf=&#8221;%&#8221; title=&#8221;Clientes satisfechos&#8221;][\/vc_column_inner][\/vc_row_inner][\/vc_column][\/vc_row][vc_row css=&#8221;.vc_custom_1450960276268{margin-bottom: 73px !important;}&#8221;][vc_column][vc_custom_heading text=&#8221;Testimonios&#8221; font_container=&#8221;tag:h2|font_size:45px|text_align:center|line_height:60px&#8221; use_theme_fonts=&#8221;yes&#8221; el_class=&#8221;base_font_color&#8221; css=&#8221;.vc_custom_1750751917731{margin-bottom: 76px !important;}&#8221;][stm_testimonials_carousel count=&#8221;6&#8243; per_row=&#8221;2&#8243; link=&#8221;url:%2Ftestimonials-page%2F||&#8221;][\/vc_column][\/vc_row][vc_row full_width=&#8221;stretch_row&#8221; el_class=&#8221;overlay_2 fixed_bg&#8221; css=&#8221;.vc_custom_1453381142995{margin-bottom: 42px !important;padding-top: 66px !important;padding-bottom: 66px !important;background-image: url(https:\/\/konectahost.com\/securigroup\/wp-content\/uploads\/2016\/06\/placeholder-1.gif?id=122) !important;background-position: center !important;background-repeat: no-repeat !important;background-size: cover !important;}&#8221;][vc_column][vc_custom_heading text=&#8221;Nuestros clientes conf\u00edan en nosotros para mantener la<br \/>\n<mark>seguridad y eficiencia en sus instalaciones.<\/mark>&#8221; font_container=&#8221;tag:div|font_size:28px|text_align:center|color:%23ffffff|line_height:34px&#8221; google_fonts=&#8221;font_family:Poppins%3A300%2Cregular%2C500%2C600%2C700|font_style:700%20bold%3A700%3Anormal&#8221;][\/vc_column][\/vc_row][vc_row full_width=&#8221;stretch_row&#8221; css=&#8221;.vc_custom_1450961224119{padding-top: 41px !important;padding-bottom: 42px !important;background-color: #f2f2f2 !important;}&#8221;][vc_column][stm_image_carousel grayscale=&#8221;yes&#8221; img_size=&#8221;180&#215;96&#8243; images=&#8221;7236,7237,7239,7240,7241,7242,7243,7244,7246,7247,7249&#8243; el_class=&#8221;no_paddings&#8221; link=&#8221;url:%2Fcompany-overview%2Four-partners%2F||&#8221;][\/vc_column][\/vc_row][vc_row css=&#8221;.vc_custom_1451479401686{margin-bottom: 31px !important;}&#8221;][vc_column][\/vc_column][\/vc_row][vc_row css=&#8221;.vc_custom_1451043728133{margin-bottom: 32px !important;}&#8221;][vc_column][\/vc_column][\/vc_row]<\/p>\n<\/section>","protected":false},"excerpt":{"rendered":"<p>[vc_row css=&#8221;.vc_custom_1450677977665{margin-bottom: 0px !important;}&#8221;][vc_column offset=&#8221;vc_hidden-xs&#8221;][rev_slider_vc alias=&#8221;fullscreen-main-slider&#8221;][\/vc_column][\/vc_row][vc_row full_width=&#8221;stretch_row&#8221; el_class=&#8221;third_bg_color&#8221; css=&#8221;.vc_custom_1450692516354{margin-bottom: 60px !important;}&#8221;][vc_column][vc_cta h2=&#8221;&#8221; shape=&#8221;square&#8221; style=&#8221;flat&#8221; add_button=&#8221;right&#8221; btn_title=&#8221;Cotizar&#8221; btn_style=&#8221;flat&#8221; btn_color=&#8221;theme_style_2&#8243; btn_align=&#8221;right&#8221; btn_i_align=&#8221;right&#8221; btn_i_icon_fontawesome=&#8221;stm-glob-pdf&#8221; particles=&#8221;yes&#8221; btn_button_block=&#8221;true&#8221; btn_add_icon=&#8221;true&#8221; css=&#8221;.vc_custom_1758587448922{margin-bottom: 0px !important;}&#8221; el_class=&#8221;third_bg_color&#8221; btn_link=&#8221;url:https%3A%2F%2Fwa.me%2Fmessage%2FXY35GCD3QOUIG1|target:_blank&#8221;][\/vc_cta][\/vc_column][\/vc_row][vc_row css=&#8221;.vc_custom_1450677977665{margin-bottom: 0px !important;}&#8221;][vc_column offset=&#8221;vc_hidden-xs&#8221;][vc_custom_heading text=&#8221;Renting de Equipo&#8221; font_container=&#8221;tag:h2|font_size:45px|text_align:center|line_height:60px&#8221; use_theme_fonts=&#8221;yes&#8221; el_class=&#8221;base_font_color&#8221; css=&#8221;.vc_custom_1758587513569{margin-bottom: 28px !important;}&#8221;][\/vc_column][\/vc_row][vc_row css=&#8221;.vc_custom_1450856873482{margin-bottom: 37px !important;}&#8221;][vc_column width=&#8221;1\/3&#8243;][stm_animation_block animation=&#8221;fadeInUp&#8221; animation_duration=&#8221;1&#8243; animation_delay=&#8221;0&#8243;][stm_info_box style=&#8221;style_3&#8243; title_icon=&#8221;stm-chart-monitor&#8221; title=&#8221;Renting de Accesos&#8221; image=&#8221;7258&#8243;<\/p>\n","protected":false},"author":1,"featured_media":0,"parent":0,"menu_order":0,"comment_status":"closed","ping_status":"closed","template":"","meta":{"footnotes":""},"class_list":["post-1024","page","type-page","status-publish","hentry"],"_links":{"self":[{"href":"https:\/\/konectahost.com\/securigroup\/wp-json\/wp\/v2\/pages\/1024","targetHints":{"allow":["GET"]}}],"collection":[{"href":"https:\/\/konectahost.com\/securigroup\/wp-json\/wp\/v2\/pages"}],"about":[{"href":"https:\/\/konectahost.com\/securigroup\/wp-json\/wp\/v2\/types\/page"}],"author":[{"embeddable":true,"href":"https:\/\/konectahost.com\/securigroup\/wp-json\/wp\/v2\/users\/1"}],"replies":[{"embeddable":true,"href":"https:\/\/konectahost.com\/securigroup\/wp-json\/wp\/v2\/comments?post=1024"}],"version-history":[{"count":78,"href":"https:\/\/konectahost.com\/securigroup\/wp-json\/wp\/v2\/pages\/1024\/revisions"}],"predecessor-version":[{"id":7294,"href":"https:\/\/konectahost.com\/securigroup\/wp-json\/wp\/v2\/pages\/1024\/revisions\/7294"}],"wp:attachment":[{"href":"https:\/\/konectahost.com\/securigroup\/wp-json\/wp\/v2\/media?parent=1024"}],"curies":[{"name":"wp","href":"https:\/\/api.w.org\/{rel}","templated":true}]}}