










{"id":1142,"date":"2017-02-08T07:01:55","date_gmt":"2017-02-08T07:01:55","guid":{"rendered":"http:\/\/consulting.stylemixthemes.com\/demo\/?page_id=1142"},"modified":"2025-06-24T10:13:17","modified_gmt":"2025-06-24T10:13:17","slug":"nosotros","status":"publish","type":"page","link":"https:\/\/konectahost.com\/securigroup\/nosotros\/","title":{"rendered":"Nosotros"},"content":{"rendered":"<section class=\"wpb-content-wrapper\"><p>[vc_row full_width=&#8221;stretch_row&#8221; css=&#8221;.vc_custom_1485516797007{margin-top: -75px !important;margin-bottom: 55px !important;padding-top: 81px !important;padding-bottom: 78px !important;background-color: #f2f2f2 !important;}&#8221;][vc_column width=&#8221;7\/12&#8243;][vc_column_text css=&#8221;.vc_custom_1750756620122{margin-bottom: 25px !important;}&#8221;]<\/p>\n<h3 data-start=\"124\" data-end=\"178\">Bienvenido a SECURIGROUP<\/h3>\n<h3 data-start=\"124\" data-end=\"178\">Tu aliado en seguridad<\/h3>\n<p>[\/vc_column_text][vc_column_text]En <strong data-start=\"182\" data-end=\"197\">SECURIGROUP<\/strong> contamos con un equipo multidisciplinario de ingenieros, t\u00e9cnicos certificados y especialistas en planificaci\u00f3n de riesgo. Desde el primer contacto, realizamos un <strong data-start=\"361\" data-end=\"402\">an\u00e1lisis gratuito de vulnerabilidades<\/strong> en tu propiedad para recomendarte la soluci\u00f3n m\u00e1s adecuada, tanto si buscas <strong data-start=\"479\" data-end=\"505\">protecci\u00f3n residencial<\/strong> como <strong data-start=\"511\" data-end=\"536\">seguridad corporativa<\/strong>.[\/vc_column_text][vc_column_text]<\/p>\n<blockquote style=\"background-color: #ffffff;\">\n<ul data-start=\"539\" data-end=\"796\">\n<li data-start=\"539\" data-end=\"623\">\n<p data-start=\"541\" data-end=\"623\"><strong data-start=\"541\" data-end=\"565\">Evaluaci\u00f3n sin costo<\/strong>: inspecci\u00f3n in situ o virtual basada en planos y fotos.<\/p>\n<\/li>\n<li data-start=\"624\" data-end=\"714\">\n<p data-start=\"626\" data-end=\"714\"><strong data-start=\"626\" data-end=\"653\">Propuesta personalizada<\/strong>: dise\u00f1o de sistema a la medida con presupuesto desglosado.<\/p>\n<\/li>\n<li data-start=\"715\" data-end=\"796\">\n<p data-start=\"717\" data-end=\"796\"><strong data-start=\"717\" data-end=\"744\">Financiamiento flexible<\/strong>: opciones de pago mensuales, semestrales o anuales.<\/p>\n<\/li>\n<\/ul>\n<p><span style=\"display: block; line-height: 22px;\">\u00a0<\/span><\/p><\/blockquote>\n<p>[\/vc_column_text][\/vc_column][vc_column width=&#8221;5\/12&#8243;][vc_video link=&#8221;https:\/\/www.youtube.com\/embed\/w0RGnXpf9LU&#8221; size=&#8221;380&#8243; image=&#8221;33&#8243; css=&#8221;.vc_custom_1486537477524{padding-top: 3px !important;}&#8221; height_size=&#8221;264&#8243;][\/vc_column][\/vc_row][vc_row][vc_column width=&#8221;1\/3&#8243;][vc_column_text]<\/p>\n<h3 data-start=\"1527\" data-end=\"1559\">Nuestro proceso de trabajo<\/h3>\n<ol>\n<li style=\"list-style-type: none;\">\n<ol data-start=\"1560\" data-end=\"1990\">\n<li data-start=\"1560\" data-end=\"1633\">\n<p data-start=\"1563\" data-end=\"1633\"><strong data-start=\"1563\" data-end=\"1586\">Diagn\u00f3stico inicial<\/strong>: recopilaci\u00f3n de datos y an\u00e1lisis de planos.<\/p>\n<\/li>\n<li data-start=\"1634\" data-end=\"1704\">\n<p data-start=\"1637\" data-end=\"1704\"><strong data-start=\"1637\" data-end=\"1660\">Dise\u00f1o y simulaci\u00f3n<\/strong>: render 3D y prueba virtual de cobertura.<\/p>\n<\/li>\n<li data-start=\"1705\" data-end=\"1794\">\n<p data-start=\"1708\" data-end=\"1794\"><strong data-start=\"1708\" data-end=\"1742\">Instalaci\u00f3n y puesta en marcha<\/strong>: montaje, configuraci\u00f3n y calibraci\u00f3n de equipos.<\/p>\n<\/li>\n<li data-start=\"1795\" data-end=\"1893\">\n<p data-start=\"1798\" data-end=\"1893\"><strong data-start=\"1798\" data-end=\"1814\">Capacitaci\u00f3n<\/strong>: entrenamiento al personal en manejo de software y protocolos de emergencia.<\/p>\n<\/li>\n<li data-start=\"1894\" data-end=\"1990\">\n<p data-start=\"1897\" data-end=\"1990\"><strong data-start=\"1897\" data-end=\"1926\">Monitoreo y mantenimiento<\/strong>: servicio preventivo, correctivo y actualizaciones de software.<\/p>\n<\/li>\n<\/ol>\n<\/li>\n<\/ol>\n<p>[\/vc_column_text][\/vc_column][vc_column width=&#8221;1\/3&#8243;][vc_column_text]<\/p>\n<h3 data-start=\"822\" data-end=\"842\">Nuestro equipo<\/h3>\n<ul>\n<li style=\"list-style-type: none;\">\n<ul data-start=\"843\" data-end=\"1203\">\n<li data-start=\"843\" data-end=\"926\">\n<p data-start=\"845\" data-end=\"926\"><strong data-start=\"845\" data-end=\"864\">Gerente General<\/strong>: Profesional con 15 a\u00f1os en seguridad f\u00edsica y electr\u00f3nica.<\/p>\n<\/li>\n<li data-start=\"927\" data-end=\"1010\">\n<p data-start=\"929\" data-end=\"1010\"><strong data-start=\"929\" data-end=\"950\">Jefe de Proyectos<\/strong>: Especialista en integraci\u00f3n de sistemas IP y anal\u00f3gicos.<\/p>\n<\/li>\n<li data-start=\"1011\" data-end=\"1104\">\n<p data-start=\"1013\" data-end=\"1104\"><strong data-start=\"1013\" data-end=\"1037\">Soporte T\u00e9cnico 24\/7<\/strong>: Equipo rotativo para responder incidencias en menos de 2 horas.<\/p>\n<\/li>\n<li data-start=\"1105\" data-end=\"1203\">\n<p data-start=\"1107\" data-end=\"1203\"><strong data-start=\"1107\" data-end=\"1129\">Asesores de Riesgo<\/strong>: Expertos en normativas locales y est\u00e1ndares internacionales (ISO 27001).<\/p>\n<\/li>\n<\/ul>\n<\/li>\n<\/ul>\n<p>[\/vc_column_text][\/vc_column][vc_column width=&#8221;1\/3&#8243;][vc_column_text]<\/p>\n<h3 data-start=\"1205\" data-end=\"1237\">Certificaciones y alianzas<\/h3>\n<ul data-start=\"1238\" data-end=\"1525\">\n<li data-start=\"1238\" data-end=\"1320\">\n<p data-start=\"1240\" data-end=\"1320\"><strong data-start=\"1240\" data-end=\"1256\">Certificados<\/strong>: ISO 9001 (Calidad), ISO 27001 (Seguridad de la informaci\u00f3n).<\/p>\n<\/li>\n<li data-start=\"1321\" data-end=\"1406\">\n<p data-start=\"1323\" data-end=\"1406\"><strong data-start=\"1323\" data-end=\"1348\">Partners tecnol\u00f3gicos<\/strong>: Dahua, Hikvision, Axis Communications, Suprema, Bosch.<\/p>\n<\/li>\n<li data-start=\"1407\" data-end=\"1525\">\n<p data-start=\"1409\" data-end=\"1525\"><strong data-start=\"1409\" data-end=\"1460\">Miembro de la C\u00e1mara de Seguridad de Costa Rica<\/strong> y de la <strong data-start=\"1469\" data-end=\"1524\">Asociaci\u00f3n Centroamericana de Seguridad Electr\u00f3nica<\/strong>.<\/p>\n<\/li>\n<\/ul>\n<ol>\n<li style=\"list-style-type: none;\"><\/li>\n<\/ol>\n<p>[\/vc_column_text][\/vc_column][\/vc_row][vc_row][vc_column][vc_custom_heading text=&#8221;Por qu\u00e9 escogernos?&#8221; font_container=&#8221;tag:h3|text_align:left&#8221; google_fonts=&#8221;font_family:Montserrat%3Aregular%2C700|font_style:700%20bold%20regular%3A700%3Anormal&#8221; css=&#8221;.vc_custom_1750757409819{margin-bottom: 39px !important;}&#8221;][\/vc_column][\/vc_row][vc_row css=&#8221;.vc_custom_1485526502077{margin-bottom: 30px !important;}&#8221;][vc_column offset=&#8221;vc_col-lg-4 vc_col-md-4&#8243;][stm_icon_box icon=&#8221;stm-glob-shield&#8221; style=&#8221;icon_left&#8221; icon_size=&#8221;16&#8243; icon_color=&#8221;base&#8221; icon_bg_color=&#8221;third_bg&#8221; icon_width=&#8221;70&#8243; title=&#8221;CCTV de \u00faltima generaci\u00f3n&#8221; css=&#8221;.vc_custom_1750757045816{margin-bottom: 28px !important;}&#8221;]<span style=\"display: block; line-height: 24px;\">C\u00e1maras IP 4K, domo PTZ, t\u00e9rmicas y antivand\u00e1licas con IA para detecci\u00f3n de intrusos, conteo de personas, reconocimiento facial y lectura de patentes.<\/span>[\/stm_icon_box][stm_icon_box icon=&#8221;stm-glob-shield&#8221; style=&#8221;icon_left&#8221; icon_size=&#8221;22&#8243; icon_color=&#8221;base&#8221; icon_bg_color=&#8221;third_bg&#8221; icon_width=&#8221;70&#8243; title=&#8221;Planes flexibles de renting y venta&#8221; css=&#8221;.vc_custom_1750757256040{margin-bottom: 28px !important;}&#8221;]<span style=\"display: block; line-height: 24px;\">Accede a equipos sin inversi\u00f3n inicial o c\u00f3mpralos con descuentos acumulados y garant\u00eda extendida.<\/span>[\/stm_icon_box][\/vc_column][vc_column offset=&#8221;vc_col-lg-4 vc_col-md-4&#8243;][stm_icon_box icon=&#8221;stm-glob-shield&#8221; style=&#8221;icon_left&#8221; icon_size=&#8221;20&#8243; icon_color=&#8221;base&#8221; icon_bg_color=&#8221;third_bg&#8221; icon_width=&#8221;70&#8243; title=&#8221;Controles de acceso robustos&#8221; css=&#8221;.vc_custom_1750757083786{margin-bottom: 28px !important;}&#8221;]<span style=\"display: block; line-height: 24px;\">Soluciones biom\u00e9tricas y por proximidad, integrables con sistemas de dom\u00f3tica, ERP y CRM a trav\u00e9s de nuestra API abierta.<\/span>[\/stm_icon_box][stm_icon_box icon=&#8221;stm-glob-shield&#8221; style=&#8221;icon_left&#8221; icon_size=&#8221;28&#8243; icon_color=&#8221;base&#8221; icon_bg_color=&#8221;third_bg&#8221; icon_width=&#8221;70&#8243; title=&#8221;Mantenimiento proactivo 24\/7&#8243; css=&#8221;.vc_custom_1750757265779{margin-bottom: 28px !important;}&#8221;]<span style=\"display: block; line-height: 24px;\">L\u00ednea directa exclusiva, ticketing con SLA, repuestos originales en stock local y actualizaciones constantes de firmware.<\/span>[\/stm_icon_box][\/vc_column][vc_column offset=&#8221;vc_col-lg-4 vc_col-md-4&#8243;][stm_icon_box icon=&#8221;stm-glob-shield&#8221; style=&#8221;icon_left&#8221; icon_size=&#8221;20&#8243; icon_color=&#8221;base&#8221; icon_bg_color=&#8221;third_bg&#8221; icon_width=&#8221;70&#8243; title=&#8221;Defensa perimetral profesional&#8221; css=&#8221;.vc_custom_1750757245954{margin-bottom: 28px !important;}&#8221;]<span style=\"display: block; line-height: 24px;\">Cercas electrificadas de hasta 5 l\u00edneas, bater\u00edas de respaldo y sirenas integradas para protecci\u00f3n continua.<\/span>[\/stm_icon_box][stm_icon_box icon=&#8221;stm-glob-shield&#8221; style=&#8221;icon_left&#8221; icon_size=&#8221;18&#8243; icon_color=&#8221;base&#8221; icon_bg_color=&#8221;third_bg&#8221; icon_width=&#8221;70&#8243; title=&#8221;Monitoreo remoto y alertas autom\u00e1ticas&#8221;]<span style=\"display: block; line-height: 24px;\">Seguimiento v\u00eda app m\u00f3vil, correo y SMS, con redundancia de conexi\u00f3n para que nunca pierdas se\u00f1al.<\/span>[\/stm_icon_box][\/vc_column][\/vc_row][vc_row css=&#8221;.vc_custom_1485599609272{margin-bottom: 35px !important;}&#8221;][vc_column][vc_custom_heading text=&#8221;Nuestro equipo&#8221; font_container=&#8221;tag:h3|text_align:left&#8221; google_fonts=&#8221;font_family:Montserrat%3Aregular%2C700|font_style:700%20bold%20regular%3A700%3Anormal&#8221; css=&#8221;.vc_custom_1750759912072{margin-top: 50px !important;margin-bottom: 30px !important;}&#8221;][stm_staff_list style=&#8221;grid&#8221; grid_view=&#8221;short&#8221; per_row=&#8221;4&#8243; count=&#8221;8&#8243; link=&#8221;url:https%3A%2F%2Fkonectahost.com%2Fsecurigroup%2Fcontactenos%2F|title:%C3%9Anete%20a%20nosotros|target:_blank&#8221; link_text=&#8221;Quieres formar parte de nuestro equipo?&#8221;][\/vc_column][\/vc_row][vc_row full_width=&#8221;stretch_row&#8221; css=&#8221;.vc_custom_1485599202663{padding-top: 44px !important;padding-bottom: 44px !important;background-color: #f2f2f2 !important;}&#8221;][vc_column][stm_image_carousel grayscale=&#8221;yes&#8221; img_size=&#8221;180&#215;96&#8243; items_mobile=&#8221;2&#8243; images=&#8221;7104,7103,7102,7101,7100,7099&#8243; custom_links=&#8221;\/company-overview\/our-partners\/,\/company-overview\/our-partners\/,\/company-overview\/our-partners\/,\/company-overview\/our-partners\/,\/company-overview\/our-partners\/&#8221;][\/vc_column][\/vc_row]<\/p>\n<\/section>","protected":false},"excerpt":{"rendered":"<p>[vc_row full_width=&#8221;stretch_row&#8221; css=&#8221;.vc_custom_1485516797007{margin-top: -75px !important;margin-bottom: 55px !important;padding-top: 81px !important;padding-bottom: 78px !important;background-color: #f2f2f2 !important;}&#8221;][vc_column width=&#8221;7\/12&#8243;][vc_column_text css=&#8221;.vc_custom_1750756620122{margin-bottom: 25px !important;}&#8221;] Bienvenido a SECURIGROUP Tu aliado en seguridad [\/vc_column_text][vc_column_text]En SECURIGROUP contamos con un equipo multidisciplinario de ingenieros, t\u00e9cnicos certificados y especialistas en planificaci\u00f3n de riesgo. Desde el primer contacto, realizamos un an\u00e1lisis gratuito de vulnerabilidades en tu propiedad para<\/p>\n","protected":false},"author":1,"featured_media":0,"parent":0,"menu_order":0,"comment_status":"closed","ping_status":"closed","template":"","meta":{"footnotes":""},"class_list":["post-1142","page","type-page","status-publish","hentry"],"_links":{"self":[{"href":"https:\/\/konectahost.com\/securigroup\/wp-json\/wp\/v2\/pages\/1142","targetHints":{"allow":["GET"]}}],"collection":[{"href":"https:\/\/konectahost.com\/securigroup\/wp-json\/wp\/v2\/pages"}],"about":[{"href":"https:\/\/konectahost.com\/securigroup\/wp-json\/wp\/v2\/types\/page"}],"author":[{"embeddable":true,"href":"https:\/\/konectahost.com\/securigroup\/wp-json\/wp\/v2\/users\/1"}],"replies":[{"embeddable":true,"href":"https:\/\/konectahost.com\/securigroup\/wp-json\/wp\/v2\/comments?post=1142"}],"version-history":[{"count":13,"href":"https:\/\/konectahost.com\/securigroup\/wp-json\/wp\/v2\/pages\/1142\/revisions"}],"predecessor-version":[{"id":7195,"href":"https:\/\/konectahost.com\/securigroup\/wp-json\/wp\/v2\/pages\/1142\/revisions\/7195"}],"wp:attachment":[{"href":"https:\/\/konectahost.com\/securigroup\/wp-json\/wp\/v2\/media?parent=1142"}],"curies":[{"name":"wp","href":"https:\/\/api.w.org\/{rel}","templated":true}]}}